{"id":12,"date":"2015-01-10T07:19:57","date_gmt":"2015-01-10T07:19:57","guid":{"rendered":"http:\/\/www.flightcrew.es\/?page_id=12"},"modified":"2022-03-03T21:22:29","modified_gmt":"2022-03-03T20:22:29","slug":"cla-competencia-linguistica-aeronautica","status":"publish","type":"page","link":"https:\/\/www.flightcrew.es\/en\/cla-competencia-linguistica-aeronautica\/","title":{"rendered":"CLA AERONAUTICAL LINGUISTIC COMPETENCE"},"content":{"rendered":"<div data-colibri-id=\"12-c1\" class=\"style-205 style-local-12-c1 position-relative\">\n  <!---->\n  <div data-colibri-component=\"section\" data-colibri-id=\"12-c2\" id=\"custom\" class=\"h-section h-section-global-spacing d-flex align-items-lg-center align-items-md-center align-items-center style-210 style-local-12-c2 position-relative\">\n    <!---->\n    <!---->\n    <div class=\"h-section-grid-container h-section-boxed-container\">\n      <!---->\n      <div data-colibri-id=\"12-c3\" class=\"h-row-container gutters-row-lg-2 gutters-row-md-2 gutters-row-0 gutters-row-v-lg-2 gutters-row-v-md-2 gutters-row-v-2 style-213 style-local-12-c3 position-relative\">\n        <!---->\n        <div class=\"h-row justify-content-lg-center justify-content-md-center justify-content-center align-items-lg-stretch align-items-md-stretch align-items-stretch gutters-col-lg-2 gutters-col-md-2 gutters-col-0 gutters-col-v-lg-2 gutters-col-v-md-2 gutters-col-v-2\">\n          <!---->\n          <div class=\"h-column h-column-container d-flex h-col-lg-auto h-col-md-auto h-col-auto style-214-outer style-local-12-c4-outer\">\n            <div data-colibri-id=\"12-c4\" class=\"d-flex h-flex-basis h-column__inner h-px-lg-2 h-px-md-2 h-px-2 v-inner-lg-2 v-inner-md-2 v-inner-2 style-214 style-local-12-c4 position-relative\">\n              <!---->\n              <!---->\n              <div class=\"w-100 h-y-container h-column__content h-column__v-align flex-basis-100 align-self-lg-start align-self-md-start align-self-start\">\n                <!---->\n                <div data-colibri-id=\"12-c5\" class=\"h-text h-text-component style-215 style-local-12-c5 position-relative h-element\">\n                  <!---->\n                  <!---->\n                  <div class=\"\">\n                    <p><strong>EVALUATION CENTER ESP.CECL-004 AUTHORIZED BY AESA FOR LEVEL 4, 5 AND 6 PILOTS AND CONTROLLERS<\/strong><\/p>\n                    <p>A FULLY OPERATIONAL EXAMINATION OF DATES AND TIMES. FOR BROAD GROUPS WE CAN MOVE TO ANY POINT IN SPAIN, WE PROVIDE THE RESULT OF THE TEST AND ITS OFFICIAL CERTIFICATE AT THE END OF THE EXAMINATION.\n                       NOTING YOUR OPERATIONAL LEVEL OF ENGLISH IN AESA (OPTIONAL). WE PERFORM AN OPTIONAL COURSE OF 1h30 PRIOR TO THE EXAM IN ORDER TO FAMILIARIZE YOURSELF WITH THE CONTENT OF THE TEST<\/p>\n                    <p><strong>As an evaluation center we offer you:&nbsp;<\/strong><\/p>\n                    <p>1.- An examination of linguistic competence in English that consists of 3 phases: communication scenarios, radio conversation and oral evaluation that are carried out in person.<\/p>\n                    <p>a: Communication scenarios, consists of a multiple choice test that will be carried out by computer, with audio elements that allow the candidate to be placed in the operational context, lasting about 15 minutes\n                       and composed of 5 audios with 4 questions each, evaluated as a percentage.<\/p>\n                    <p>b: A simulated conversation between ATC and aircraft, lasting about 2 or 3 minutes.<\/p>\n                    <p>c: Oral evaluation, consists of a face-to-face interview of the candidate with the examiner lasting between 5 and 10 minutes, in which topics related to aeronautical operations will be discussed.<\/p>\n                    <p>Finally, the examiner will evaluate the level of linguistic competence from 4 to 6 of the candidate according to the 6 requirements (vocabulary, structure, pronunciation, fluency, comprehension and interactions)<\/p>\n                    <p>The price of the exam is \u20ac 120.<\/p>\n                    <p>2.-Course of 1h30minutes of preparation for the CLA exam that takes place before the exam<\/p>\n                    <p>The price is \u20ac 60.<\/p>\n                    <p><strong>Test:&nbsp;<\/strong><\/p>\n                    <p>Un test de prueba\u00a0puede orientarle sobre su nivel de competencia ling\u00fc\u00edstica en ingl\u00e9s\u00a0para el examen CLA.\u00a0Esta evaluaci\u00f3n se puede realizar on-line. Consiste en la misma estructura y evaluaci\u00f3n que la parte 1\u00aa\u00a0o\n                      escenarios de comunicaci\u00f3n de nuestro examen CLA. (\n                      <a href=\"http:\/\/cla.flightcrew.es\/eval.php\" style=\"font-family: &quot;Open Sans&quot;; font-weight: 400; font-size: 1em; color: rgb(3, 169, 244);\" class=\"customize-unpreviewable\">example<\/a>NOTE: This test can only be performed on the Google Chrome or Mozilla Firefox platforms.<\/p>\n                    <p>For more information&nbsp;\n                      <a href=\"http:\/\/www.flightcrew.es\/en\/contacto\/\" style=\"font-family: &quot;Open Sans&quot;; font-weight: 400; font-size: 1em; color: rgb(3, 169, 244);\">Contact us.<\/a>\n                    <\/p>\n                    <p>\n                      <br>\n                    <\/p>\n                  <\/div>\n                <\/div>\n              <\/div>\n            <\/div>\n          <\/div>\n        <\/div>\n      <\/div>\n      <div data-colibri-id=\"12-c6\" class=\"h-row-container gutters-row-lg-2 gutters-row-md-2 gutters-row-0 gutters-row-v-lg-2 gutters-row-v-md-2 gutters-row-v-2 style-211 style-local-12-c6 position-relative\">\n        <!---->\n        <div class=\"h-row justify-content-lg-center justify-content-md-center justify-content-center align-items-lg-stretch align-items-md-stretch align-items-stretch gutters-col-lg-2 gutters-col-md-2 gutters-col-0 gutters-col-v-lg-2 gutters-col-v-md-2 gutters-col-v-2\">\n          <!---->\n          <div class=\"h-column h-column-container d-flex h-col-lg-auto h-col-md-auto h-col-auto style-212-outer style-local-12-c7-outer\">\n            <div data-colibri-id=\"12-c7\" class=\"d-flex h-flex-basis h-column__inner h-px-lg-2 h-px-md-2 h-px-2 v-inner-lg-2 v-inner-md-2 v-inner-2 style-212 style-local-12-c7 position-relative\">\n              <!---->\n              <!---->\n              <div class=\"w-100 h-y-container h-column__content h-column__v-align flex-basis-100 align-self-lg-start align-self-md-start align-self-start\">\n                <!---->\n                <div data-colibri-id=\"12-c8\" class=\"h-x-container style-216 style-local-12-c8 position-relative h-element\">\n                  <!---->\n                  <div class=\"h-x-container-inner style-dynamic-12-c8-group style-216-spacing style-local-12-c8-spacing\"><span class=\"h-button__outer style-217-outer style-local-12-c9-outer d-inline-flex h-element\"><a h-use-smooth-scroll=\"true\" href=\"http:\/\/www.flightcrew.es\/en\/proximos-examenes-de-cla\/\"  data-colibri-id=\"12-c9\" class=\"d-flex w-100 align-items-center h-button justify-content-lg-center justify-content-md-center justify-content-center style-217 style-local-12-c9 position-relative\"><!----><!----> <span>UPCOMING CLA EXAMS<\/span><\/a>\n                    <\/span>\n                  <\/div>\n                <\/div>\n              <\/div>\n            <\/div>\n          <\/div>\n        <\/div>\n      <\/div>\n    <\/div>\n  <\/div>\n<\/div>","protected":false},"excerpt":{"rendered":"<p>CENTRO EVALUADOR ESP.CECL-004 AUTORIZADO POR AESA PARA NIVEL 4 5 Y 6 PILOTOS Y CONTROLADORES UN EXAMEN TOTALMENTE OPERATIVOFLEXIBILIDAD DE FECHAS Y HORAS. PARA GRUPOS AMPLIOS PODEMOS DESPLAZARNOS A CUALQUIER PUNTO DE ESPA\u00d1APROPORCIONAMOS EL RESULTADO DE LA PRUEBA Y SU CERTIFICADO OFICIAL AL FINALIZAR EL EXAMENTRAMITAMOS LA ANOTACI\u00d3N DE SU NIVEL OPERACIONAL DE INGLES EN [&hellip;]<\/p>\n","protected":false},"author":1,"featured_media":0,"parent":0,"menu_order":0,"comment_status":"closed","ping_status":"open","template":"page-templates\/full-width-page.php","meta":{"footnotes":""},"class_list":["post-12","page","type-page","status-publish","hentry"],"_links":{"self":[{"href":"https:\/\/www.flightcrew.es\/en\/wp-json\/wp\/v2\/pages\/12","targetHints":{"allow":["GET"]}}],"collection":[{"href":"https:\/\/www.flightcrew.es\/en\/wp-json\/wp\/v2\/pages"}],"about":[{"href":"https:\/\/www.flightcrew.es\/en\/wp-json\/wp\/v2\/types\/page"}],"author":[{"embeddable":true,"href":"https:\/\/www.flightcrew.es\/en\/wp-json\/wp\/v2\/users\/1"}],"replies":[{"embeddable":true,"href":"https:\/\/www.flightcrew.es\/en\/wp-json\/wp\/v2\/comments?post=12"}],"version-history":[{"count":5,"href":"https:\/\/www.flightcrew.es\/en\/wp-json\/wp\/v2\/pages\/12\/revisions"}],"predecessor-version":[{"id":1807,"href":"https:\/\/www.flightcrew.es\/en\/wp-json\/wp\/v2\/pages\/12\/revisions\/1807"}],"wp:attachment":[{"href":"https:\/\/www.flightcrew.es\/en\/wp-json\/wp\/v2\/media?parent=12"}],"curies":[{"name":"wp","href":"https:\/\/api.w.org\/{rel}","templated":true}]}}