{"id":18,"date":"2015-01-10T07:22:53","date_gmt":"2015-01-10T07:22:53","guid":{"rendered":"http:\/\/www.flightcrew.es\/?page_id=18"},"modified":"2021-07-03T18:21:14","modified_gmt":"2021-07-03T17:21:14","slug":"quienes-somos","status":"publish","type":"page","link":"https:\/\/www.flightcrew.es\/en\/quienes-somos\/","title":{"rendered":"ABOUT US"},"content":{"rendered":"<div data-colibri-id=\"18-c1\" class=\"style-284 style-local-18-c1 position-relative\">\n  <!---->\n  <div data-colibri-component=\"section\" data-colibri-id=\"18-c2\" id=\"about\" class=\"h-section h-section-global-spacing d-flex align-items-lg-center align-items-md-center align-items-center style-289 style-local-18-c2 position-relative\">\n    <!---->\n    <!---->\n    <div class=\"h-section-grid-container h-section-boxed-container\">\n      <div data-colibri-id=\"18-c7\" class=\"h-row-container gutters-row-lg-2 gutters-row-md-2 gutters-row-2 gutters-row-v-lg-2 gutters-row-v-md-2 gutters-row-v-2 style-294 style-local-18-c7 position-relative\">\n        <!---->\n        <div class=\"h-row justify-content-lg-center justify-content-md-center justify-content-center align-items-lg-stretch align-items-md-stretch align-items-stretch gutters-col-lg-2 gutters-col-md-2 gutters-col-2 gutters-col-v-lg-2 gutters-col-v-md-2 gutters-col-v-2\">\n          <!---->\n          <div class=\"h-column h-column-container d-flex h-col-lg-auto h-col-md-auto h-col-auto style-295-outer style-local-18-c8-outer\">\n            <div data-colibri-id=\"18-c8\" class=\"d-flex h-flex-basis h-column__inner h-px-lg-2 h-px-md-2 h-px-2 v-inner-lg-2 v-inner-md-2 v-inner-2 style-295 style-local-18-c8 position-relative\">\n              <!---->\n              <!---->\n              <div class=\"w-100 h-y-container h-column__content h-column__v-align flex-basis-100 align-self-lg-start align-self-md-start align-self-start\">\n                <!---->\n                <div data-colibri-id=\"18-c9\" class=\"h-global-transition-all h-heading style-297 style-local-18-c9 position-relative h-element\">\n                  <!---->\n                  <div class=\"h-heading__outer style-297 style-local-18-c9\">\n                    <!---->\n                    <!---->\n                    <h3 class=\"\">FLIGHTCREW Training Academy E-ATO-237<\/h3>\n                  <\/div>\n                <\/div>\n                <div data-colibri-id=\"18-c10\" class=\"d-block style-320 style-local-18-c10 position-relative h-element\">\n                  <!---->\n                  <div class=\"h-image__frame-container-outer\">\n                    <div class=\"h-image__frame-container\">\n                      <!---->\n                      <!---->\n                      <img loading=\"lazy\" decoding=\"async\" width=\"512\" height=\"165\" src=\"http:\/\/www.flightcrew.es\/wp-content\/uploads\/cropped-cropped-FLIGHT-CREW-LOGO.jpg\" class=\"wp-image-587 style-320-image style-local-18-c10-image\" alt=\"\" srcset=\"https:\/\/www.flightcrew.es\/wp-content\/uploads\/cropped-cropped-FLIGHT-CREW-LOGO.jpg 512w, https:\/\/www.flightcrew.es\/wp-content\/uploads\/cropped-cropped-FLIGHT-CREW-LOGO-300x97.jpg 300w\" sizes=\"auto, (max-width: 512px) 100vw, 512px\" \/>\n                      <div class=\"h-image__frame h-hide-lg h-hide-md h-hide-sm style-320-frameImage style-local-18-c10-frameImage\"><\/div>\n                    <\/div>\n                  <\/div>\n                <\/div>\n                <div data-colibri-id=\"18-c11\" class=\"h-lead h-text h-text-component style-301 style-local-18-c11 position-relative h-element\">\n                  <!---->\n                  <!---->\n                  <div class=\"\">\n                    <p><strong style=\"color: rgb(70, 112, 127); font-family: &quot;Open Sans&quot;; font-size: 16px;\">FLIGHT CREW TRAINING ACADEMY<\/strong><span style=\"color: rgb(70, 112, 127); font-family: &quot;Open Sans&quot;; font-size: 16px;\">&nbsp;&nbsp;is an ATO with AESA \/ EASA approval No. E000237 with a long history in aeronautical training and management at all levels. Founded in 2007 and formed by a group of professionals who are currently active in companies<br><\/span><\/p>\n                    <p><span style=\"font-size: 16px; font-family: &quot;Open Sans&quot;; color: rgb(70, 112, 127);\">-In our Academy you will be able to receive training to obtain type ratings (TYPE RATINGS) of:<br><br>-Type Rating BOEING : B737; B757\/767;&nbsp;<br>-Type rating AIRBUS: A310; A320; A330; A340;&nbsp;<br>CCQ entre A320 A330 y A340;<br>CTR DE A330 a A350;&nbsp;<br>-Type rating EMBRAER 145;<br><br>- ZFTT in all Type Ratings.<br><br>-Course and PBN Certification.<br><br>-INSERTION of Type Ratings from ICAO third countries to EASA<br><br>-MCC courses with JOC or JTC on A320 and B737.<br><br>-Training in simulator, test preparation, CAT II-III etc.<br><br>-Courses for obtaining TRI \/ SFI, its revalidation, renewal, also updating courses.&nbsp;<br><br>- ICAO language proficiency exam with our approved EASA AESA CLA system.&nbsp;<br><br>-In FLIGHT CREW TRAINING you can take the multiple cabin crew coordination course (MCC A320 or B737).<br>-FLIGHT CREW TRAINING, gives you the option to carry out with us the REVALIDATIONS and RENEWALS of your type \/ class rating, we will manage all the documentation, you will only have to send us the documentation by email and carry out the simulator training.<\/span><\/p>\n                    <p>\n                      <br>\n                    <\/p>\n                  <\/div>\n                <\/div>\n                <div data-colibri-id=\"18-c12\" class=\"h-x-container style-299 style-local-18-c12 position-relative h-element\">\n                  <!---->\n                  <div class=\"h-x-container-inner style-dynamic-18-c12-group style-299-spacing style-local-18-c12-spacing\"><span class=\"h-button__outer style-300-outer style-local-18-c13-outer d-inline-flex h-element\"><a h-use-smooth-scroll=\"true\" href=\"http:\/\/www.flightcrew.es\/en\/contacto\/\"  data-colibri-id=\"18-c13\" class=\"d-flex w-100 align-items-center h-button justify-content-lg-center justify-content-md-center justify-content-center style-300 style-local-18-c13 position-relative\"><!----><!----> <span>Contact us<\/span><\/a>\n                    <\/span>\n                  <\/div>\n                <\/div>\n              <\/div>\n            <\/div>\n          <\/div>\n        <\/div>\n      <\/div>\n      <div data-colibri-id=\"18-c3\" class=\"h-row-container gutters-row-lg-0 gutters-row-md-0 gutters-row-0 gutters-row-v-lg-0 gutters-row-v-md-0 gutters-row-v-0 style-290 style-local-18-c3 h-overflow-hidden position-relative\">\n        <!---->\n        <div class=\"h-row justify-content-lg-center justify-content-md-center justify-content-center align-items-lg-end align-items-md-end align-items-end gutters-col-lg-0 gutters-col-md-0 gutters-col-0 gutters-col-v-lg-0 gutters-col-v-md-0 gutters-col-v-0\">\n          <!---->\n          <div class=\"h-column h-column-container d-flex h-col-lg-auto h-col-md-auto h-col-auto align-self-lg-end align-self-md-end align-self-end style-291-outer style-local-18-c4-outer\">\n            <div data-colibri-id=\"18-c4\" class=\"d-flex h-flex-basis h-column__inner h-ui-empty-state-container h-px-lg-0 h-px-md-0 h-px-0 v-inner-lg-0 v-inner-md-0 v-inner-0 style-291 style-local-18-c4 position-relative\">\n              <!---->\n              <!---->\n              <div class=\"w-100 h-y-container h-column__content h-column__v-align flex-basis-100\">\n                <!---->\n              <\/div>\n            <\/div>\n          <\/div>\n          <div class=\"h-column h-column-container d-flex h-col-lg-auto h-col-md-auto h-col-auto align-self-lg-end align-self-md-end align-self-end style-292-outer style-local-18-c5-outer\">\n            <div data-colibri-id=\"18-c5\" class=\"d-flex h-flex-basis h-column__inner h-ui-empty-state-container h-px-lg-0 h-px-md-0 h-px-0 v-inner-lg-0 v-inner-md-0 v-inner-0 style-292 style-local-18-c5 position-relative\">\n              <!---->\n              <!---->\n              <div class=\"w-100 h-y-container h-column__content h-column__v-align flex-basis-100\">\n                <!---->\n              <\/div>\n            <\/div>\n          <\/div>\n          <div class=\"h-column h-column-container d-flex h-col-lg-auto h-col-md-auto h-col-auto align-self-lg-end align-self-md-end align-self-end style-293-outer style-local-18-c6-outer\">\n            <div data-colibri-id=\"18-c6\" class=\"d-flex h-flex-basis h-column__inner h-ui-empty-state-container h-px-lg-0 h-px-md-0 h-px-0 v-inner-lg-0 v-inner-md-0 v-inner-0 style-293 style-local-18-c6 position-relative\">\n              <!---->\n              <!---->\n              <div class=\"w-100 h-y-container h-column__content h-column__v-align flex-basis-100\">\n                <!---->\n              <\/div>\n            <\/div>\n          <\/div>\n        <\/div>\n      <\/div>\n    <\/div>\n  <\/div>\n<\/div>","protected":false},"excerpt":{"rendered":"<p>FLIGHTCREW Training Academy E-ATO-237 FLIGHT CREW TRAINING ACADEMY&nbsp;&nbsp;es una ATO&nbsp;con aprobaci\u00f3n&nbsp;AESA\/EASA N\u00ba E000237&nbsp;de larga trayectoria en formaci\u00f3n y gesti\u00f3n aeron\u00e1utica a todos los niveles. Fundada en el a\u00f1o 2007 y Formada por un grupo de profesionales que est\u00e1n Actualmente en activo en compa\u00f1\u00edas. -En nuestra Academia usted podr\u00e1 recibir formaci\u00f3n para la obtenci\u00f3n de habilitaciones [&hellip;]<\/p>\n","protected":false},"author":1,"featured_media":0,"parent":0,"menu_order":0,"comment_status":"closed","ping_status":"open","template":"page-templates\/full-width-page.php","meta":{"footnotes":""},"class_list":["post-18","page","type-page","status-publish","hentry"],"_links":{"self":[{"href":"https:\/\/www.flightcrew.es\/en\/wp-json\/wp\/v2\/pages\/18","targetHints":{"allow":["GET"]}}],"collection":[{"href":"https:\/\/www.flightcrew.es\/en\/wp-json\/wp\/v2\/pages"}],"about":[{"href":"https:\/\/www.flightcrew.es\/en\/wp-json\/wp\/v2\/types\/page"}],"author":[{"embeddable":true,"href":"https:\/\/www.flightcrew.es\/en\/wp-json\/wp\/v2\/users\/1"}],"replies":[{"embeddable":true,"href":"https:\/\/www.flightcrew.es\/en\/wp-json\/wp\/v2\/comments?post=18"}],"version-history":[{"count":5,"href":"https:\/\/www.flightcrew.es\/en\/wp-json\/wp\/v2\/pages\/18\/revisions"}],"predecessor-version":[{"id":1325,"href":"https:\/\/www.flightcrew.es\/en\/wp-json\/wp\/v2\/pages\/18\/revisions\/1325"}],"wp:attachment":[{"href":"https:\/\/www.flightcrew.es\/en\/wp-json\/wp\/v2\/media?parent=18"}],"curies":[{"name":"wp","href":"https:\/\/api.w.org\/{rel}","templated":true}]}}