{"id":20,"date":"2015-01-10T07:23:55","date_gmt":"2015-01-10T07:23:55","guid":{"rendered":"http:\/\/www.flightcrew.es\/?page_id=20"},"modified":"2021-07-01T11:04:07","modified_gmt":"2021-07-01T10:04:07","slug":"contacto","status":"publish","type":"page","link":"https:\/\/www.flightcrew.es\/en\/contacto\/","title":{"rendered":"CONTACT"},"content":{"rendered":"<p style=\"text-align: left;\"><i>FLIGHT CREW TRAINING EASA\u00a0\u00a0 ATO E00237<\/i>.<\/p>\n<p style=\"text-align: left;\">Calle Bah\u00eda de Pollensa, 5, 28042 Madrid<\/p>\n<p style=\"text-align: left;\">Tel\u00e9fono: <a href=\"callto:+34637756909\">+34637756909<\/a><\/p>\n<p>Usamos Whatsapp y Tenemos un link directo para chatear si abre esta pagina en su dispositivo movil.<\/p>\n<p style=\"text-align: left;\">Emails:<\/p>\n<p style=\"text-align: left;\">\u00a0 \u00a0 \u00a0 \u00a0 \u00a0 \u00a0<a href=\"mailto:info@flightcrew.es\">info@flightcrew.es<\/a><\/p>\n<p style=\"text-align: left;\"><strong>\u00a0\u00a0\u00a0\u00a0\u00a0\u00a0\u00a0\u00a0\u00a0\u00a0<\/strong><a href=\"mailto:cla@flightcrew.es\">cla@flightcrew.es<\/a><\/p>\n<p style=\"text-align: left;\"><strong>\u00a0\u00a0\u00a0\u00a0\u00a0\u00a0\u00a0\u00a0\u00a0\u00a0<\/strong><a href=\"mailto:instruccion@flightcrew.es\">instruccion@flightcrew.es<\/a><\/p>\n<p>En este mapa y activando google maps en el rinc\u00f3n superior izquierdo podr\u00e1s encontrar nuestra ubicaci\u00f3n y usar el navegador para encontrarnos.<\/p>\n<p><a href=\"http:\/iframe%20src=https:\/\/www.google.com\/maps\/embed?pb=!1m18!1m12!1m3!1d3035.4698201585684!2d-3.5954416851195377!3d40.46487006063516!2m3!1f0!2f0!3f0!3m2!1i1024!2i768!4f13.1!3m3!1m2!1s0xd422e27a848af25%3A0x69f6ff35db795918!2sFlight%20Crew%20Training%20Academy!5e0!3m2!1ses!2ses!4v1625085142696!5m2!1ses!2ses%20width=1200%20height=400%20style=border:0;%20allowfullscreen=%20loading=lazy\/iframe\"><iframe loading=\"lazy\" style=\"border: 0;\" src=\"https:\/\/www.google.com\/maps\/embed?pb=!1m18!1m12!1m3!1d3035.4698201585684!2d-3.5954416851195377!3d40.46487006063516!2m3!1f0!2f0!3f0!3m2!1i1024!2i768!4f13.1!3m3!1m2!1s0xd422e27a848af25%3A0x69f6ff35db795918!2sFlight%20Crew%20Training%20Academy!5e0!3m2!1ses!2ses!4v1625085142696!5m2!1ses!2ses\" width=\"1200\" height=\"400\" allowfullscreen=\"allowfullscreen\"><\/iframe><\/a><\/p>\n<p>O a trav\u00e9s del siguiente formulario:<\/p>\n<!-- PWebContact -->\r\n\r\n\r\n<div id=\"pwebcontact1\" class=\"pwebcontact  pweb-static pweb-theme-free pweb-labels-above\" dir=\"ltr\">\r\n\t\r\n\t\t\r\n\t    \r\n    <div id=\"pwebcontact1_box\" class=\"pwebcontact-box pweb-static pweb-theme-free pweb-labels-above \" dir=\"ltr\">\r\n    \r\n    <div class=\"pwebcontact-container-outset\">\r\n    <div id=\"pwebcontact1_container\" class=\"pwebcontact-container\">\r\n    <div class=\"pwebcontact-container-inset\">\r\n\t\r\n\t\t\t\t\r\n\t\t\t\t\r\n\t\t\t\t\r\n\t\t<form name=\"pwebcontact1_form\" id=\"pwebcontact1_form\" class=\"pwebcontact-form\" action=\"https:\/\/www.flightcrew.es\/en\" method=\"post\" accept-charset=\"utf-8\">\r\n\t\t\t\r\n\t\t\t\t\t\t\r\n\t\t\t<div class=\"pweb-fields\">\r\n\t\t\t<div class=\"pweb-row\"><div class=\"pweb-column pweb-width-50\">\t\t\t\t\t<div class=\"pweb-field-container pweb-field-text pweb-field-nombre\">\r\n\t\t\t\t\t\t\t\t\t\t\t\t<div class=\"pweb-label\">\r\n\t\t\t\t\t\t\t<label id=\"pwebcontact1_field-nombre-lbl\" for=\"pwebcontact1_field-nombre\">\r\n\t\t\t\t\t\t\t\tNombre\t\t\t\t\t\t\t\t<span class=\"pweb-asterisk\">*<\/span>\t\t\t\t\t\t\t<\/label>\r\n\t\t\t\t\t\t<\/div>\r\n\t\t\t\t\t\t\t\t\t\t\t\t<div class=\"pweb-field\">\r\n\t\t\t\t\t\t\t\t\t\t\t\t\t\t<div class=\"pweb-field-shadow\">\r\n                                <input type=\"text\" name=\"fields[nombre]\" id=\"pwebcontact1_field-nombre\" autocomplete=\"on\" class=\"pweb-input required\" value=\"\" data-role=\"none\">\r\n                            <\/div>\r\n\t\t\t\t\t\t\t\t\t\t\t\t\t<\/div>\r\n\t\t\t\t\t<\/div>\r\n\t\t\t\t\t<\/div><div class=\"pweb-column pweb-width-50\">\t\t\t\t\t<div class=\"pweb-field-container pweb-field-text pweb-field-email\">\r\n\t\t\t\t\t\t\t\t\t\t\t\t<div class=\"pweb-label\">\r\n\t\t\t\t\t\t\t<label id=\"pwebcontact1_field-email-lbl\" for=\"pwebcontact1_field-email\">\r\n\t\t\t\t\t\t\t\tEmail\t\t\t\t\t\t\t\t<span class=\"pweb-asterisk\">*<\/span>\t\t\t\t\t\t\t<\/label>\r\n\t\t\t\t\t\t<\/div>\r\n\t\t\t\t\t\t\t\t\t\t\t\t<div class=\"pweb-field\">\r\n\t\t\t\t\t\t\t\t\t\t\t\t\t\t<div class=\"pweb-field-shadow\">\r\n                                <input type=\"text\" name=\"fields[email]\" id=\"pwebcontact1_field-email\" autocomplete=\"on\" class=\"pweb-input required\" value=\"\" data-role=\"none\">\r\n                            <\/div>\r\n\t\t\t\t\t\t\t\t\t\t\t\t\t<\/div>\r\n\t\t\t\t\t<\/div>\r\n\t\t\t\t\t<\/div><\/div><div class=\"pweb-row\"><div>\t\t\t\t\t<div class=\"pweb-field-container pweb-field-text pweb-field-asunto\">\r\n\t\t\t\t\t\t\t\t\t\t\t\t<div class=\"pweb-label\">\r\n\t\t\t\t\t\t\t<label id=\"pwebcontact1_field-asunto-lbl\" for=\"pwebcontact1_field-asunto\">\r\n\t\t\t\t\t\t\t\tAsunto\t\t\t\t\t\t\t\t<span class=\"pweb-asterisk\">*<\/span>\t\t\t\t\t\t\t<\/label>\r\n\t\t\t\t\t\t<\/div>\r\n\t\t\t\t\t\t\t\t\t\t\t\t<div class=\"pweb-field\">\r\n\t\t\t\t\t\t\t\t\t\t\t\t\t\t<div class=\"pweb-field-shadow\">\r\n                                <input type=\"text\" name=\"fields[asunto]\" id=\"pwebcontact1_field-asunto\" autocomplete=\"on\" class=\"pweb-input required\" value=\"\" data-role=\"none\">\r\n                            <\/div>\r\n\t\t\t\t\t\t\t\t\t\t\t\t\t<\/div>\r\n\t\t\t\t\t<\/div>\r\n\t\t\t\t\t<\/div><\/div><div class=\"pweb-row\"><div class=\"pweb-column pweb-width-50\">\t\t\t\t\t<div class=\"pweb-field-container pweb-field-textarea pweb-field-message\">\r\n\t\t\t\t\t\t\t\t\t\t\t\t<div class=\"pweb-label\">\r\n\t\t\t\t\t\t\t<label id=\"pwebcontact1_field-message-lbl\" for=\"pwebcontact1_field-message\">\r\n\t\t\t\t\t\t\t\tMensaje\t\t\t\t\t\t\t\t<span class=\"pweb-asterisk\">*<\/span>\t\t\t\t\t\t\t<\/label>\r\n\t\t\t\t\t\t<\/div>\r\n\t\t\t\t\t\t\t\t\t\t\t\t<div class=\"pweb-field\">\r\n\t\t\t\t\t\t\t\t\t\t\t\t\t\t<div class=\"pweb-field-shadow\">\r\n                                <textarea name=\"fields[message]\" id=\"pwebcontact1_field-message\" cols=\"50\" rows=\"5\" class=\"required\" data-role=\"none\"><\/textarea>\r\n                            <\/div>\r\n\t\t\t\t\t\t\t\t\r\n\t\t\t\t\t\t\t\t\t\t\t\t\t<\/div>\r\n\t\t\t\t\t<\/div>\r\n\t\t\t\t\t<\/div><div class=\"pweb-column pweb-width-50\">\t\t\t\t\t<div class=\"pweb-field-container pweb-field-buttons\">\r\n\t\t\t\t\t\t<div class=\"pweb-field\">\r\n\t\t\t\t\t\t\t<button id=\"pwebcontact1_send\" type=\"submit\" class=\"btn pweb-button-send\" data-role=\"none\">Enviar<\/button>\r\n\t\t\t\t\t\t\t\t\t\t\t\t\t\t                        <\/div>\r\n\t\t\t\t\t<\/div>\r\n                    <\/div><\/div>\t\t\t<\/div>\r\n\t\t\t\r\n\t\t\t<div class=\"pweb-msg pweb-msg-after\"><div id=\"pwebcontact1_msg\" class=\"pweb-progress\"><script type=\"text\/javascript\">document.getElementById(\"pwebcontact1_msg\").innerHTML=\"Initializing form...\"<\/script><\/div><\/div>\t\t\t\r\n\t\t\t\t\t\t<input type=\"hidden\" name=\"be137092cb\" value=\"1\" id=\"pwebcontact1_token\">\r\n\t\t<\/form>\r\n\t\t\r\n       \r\n    <\/div>\r\n\t<\/div>\r\n\t<\/div>\r\n    \r\n\t<\/div>\r\n\t<\/div>\r\n\r\n<script type=\"text\/javascript\">\r\njQuery(document).ready(function($){pwebContact1=new pwebContact({id:1,ajaxUrl:\"https:\/\/www.flightcrew.es\/wp-admin\/admin-ajax.php?action=pwebcontact_\",theme:\"free\",layout:\"static\",position:\"static\",offsetPosition:\"top\",closeOther:0})});<\/script>\r\n<!-- PWebContact end -->\r\n\n<p><span style=\"font-size: 9px; font-style: italic;\">Le informamos de que al rellenar el formulario y darle al boton de enviar, de acuerdo con la nueva Ley de Servicios de la Sociedad de la Informaci\u00f3n y Comercio Electr\u00f3nico, aprobada por el parlamento espa\u00f1ol y de la vigente Ley Org\u00e1nica 15 13\/12\/1999 de Protecci\u00f3n de Datos espa\u00f1ola en su art. 5, tiene usted el derecho de oposici\u00f3n, acceso, rectificaci\u00f3n y cancelaci\u00f3n de sus datos. Queremos informarle que Atahoma S.L, cumple todos los requisitos establecidos en la Ley Org\u00e1nica de Protecci\u00f3n de Datos de Car\u00e1cter Personal 15\/1999 y que todos los datos bajo nuestra responsabilidad vienen siendo tratados de acuerdo con las exigencias legales, guard\u00e1ndose las debidas medidas de seguridad que garantizan la confidencialidad de los mismos. Para cualquier rectificaci\u00f3n o anulaci\u00f3n de los datos dirigirse a FLIGHT CREW TRAINING EASA ATO E00237. Calle Alar del Rey n\u00ba 7 &#8211; 28042 \u2013Madrid.<\/span><\/p>\n","protected":false},"excerpt":{"rendered":"<p>FLIGHT CREW TRAINING EASA\u00a0\u00a0 ATO E00237. Calle Bah\u00eda de Pollensa, 5, 28042 Madrid Tel\u00e9fono: +34637756909 Usamos Whatsapp y Tenemos un link directo para chatear si abre esta pagina en su dispositivo movil. Emails: \u00a0 \u00a0 \u00a0 \u00a0 \u00a0 \u00a0info@flightcrew.es \u00a0\u00a0\u00a0\u00a0\u00a0\u00a0\u00a0\u00a0\u00a0\u00a0cla@flightcrew.es \u00a0\u00a0\u00a0\u00a0\u00a0\u00a0\u00a0\u00a0\u00a0\u00a0instruccion@flightcrew.es En este mapa y activando google maps en el rinc\u00f3n superior izquierdo podr\u00e1s encontrar [&hellip;]<\/p>\n","protected":false},"author":1,"featured_media":0,"parent":0,"menu_order":0,"comment_status":"closed","ping_status":"open","template":"","meta":{"footnotes":""},"class_list":["post-20","page","type-page","status-publish","hentry"],"_links":{"self":[{"href":"https:\/\/www.flightcrew.es\/en\/wp-json\/wp\/v2\/pages\/20","targetHints":{"allow":["GET"]}}],"collection":[{"href":"https:\/\/www.flightcrew.es\/en\/wp-json\/wp\/v2\/pages"}],"about":[{"href":"https:\/\/www.flightcrew.es\/en\/wp-json\/wp\/v2\/types\/page"}],"author":[{"embeddable":true,"href":"https:\/\/www.flightcrew.es\/en\/wp-json\/wp\/v2\/users\/1"}],"replies":[{"embeddable":true,"href":"https:\/\/www.flightcrew.es\/en\/wp-json\/wp\/v2\/comments?post=20"}],"version-history":[{"count":0,"href":"https:\/\/www.flightcrew.es\/en\/wp-json\/wp\/v2\/pages\/20\/revisions"}],"wp:attachment":[{"href":"https:\/\/www.flightcrew.es\/en\/wp-json\/wp\/v2\/media?parent=20"}],"curies":[{"name":"wp","href":"https:\/\/api.w.org\/{rel}","templated":true}]}}