{"id":7,"date":"2015-01-10T07:15:27","date_gmt":"2015-01-10T07:15:27","guid":{"rendered":"http:\/\/www.flightcrew.es\/?page_id=7"},"modified":"2024-03-21T10:00:04","modified_gmt":"2024-03-21T09:00:04","slug":"ato-avion-a","status":"publish","type":"page","link":"https:\/\/www.flightcrew.es\/pt\/ato-avion-a\/","title":{"rendered":"ATO avi\u00e3o (A)"},"content":{"rendered":"<div data-colibri-id=\"7-c1\" class=\"style-336 style-local-7-c1 position-relative\">\n  <!---->\n  <div data-colibri-component=\"section\" data-colibri-id=\"7-c2\" id=\"features\" class=\"h-section h-section-global-spacing d-flex align-items-lg-center align-items-md-center align-items-center style-341 style-local-7-c2 position-relative\">\n    <!---->\n    <!---->\n    <div class=\"h-section-grid-container h-section-boxed-container\">\n      <div data-colibri-id=\"7-c12\" class=\"h-row-container gutters-row-lg-2 gutters-row-md-2 gutters-row-2 gutters-row-v-lg-2 gutters-row-v-md-2 gutters-row-v-2 style-349 style-local-7-c12 position-relative\">\n        <!---->\n        <div class=\"h-row justify-content-lg-center justify-content-md-center justify-content-center align-items-lg-stretch align-items-md-stretch align-items-stretch gutters-col-lg-2 gutters-col-md-2 gutters-col-2 gutters-col-v-lg-2 gutters-col-v-md-2 gutters-col-v-2\">\n          <!---->\n          <div class=\"h-column h-column-container d-flex h-col-lg-auto h-col-md-auto h-col-auto style-350-outer style-local-7-c13-outer\">\n            <div data-colibri-id=\"7-c13\" class=\"d-flex h-flex-basis h-column__inner h-px-lg-2 h-px-md-2 h-px-2 v-inner-lg-2 v-inner-md-2 v-inner-2 style-350 style-local-7-c13 position-relative\">\n              <!---->\n              <!---->\n              <div class=\"w-100 h-y-container h-column__content h-column__v-align flex-basis-100 align-self-lg-start align-self-md-start align-self-start\">\n                <!---->\n                <div data-colibri-id=\"7-c14\" class=\"h-global-transition-all h-heading style-351 style-local-7-c14 position-relative h-element\">\n                  <!---->\n                  <div class=\"h-heading__outer style-351 style-local-7-c14\">\n                    <!---->\n                    <!---->\n                    <h4 class=\"\">-Realizamos homologa\u00e7\u00f5es, renova\u00e7\u00f5es, revalida\u00e7\u00f5es.\n                      <br>-CCQs AIRBUS, CTR A330-A350 ,\n                      <br>-PBN , ZFTT\n                      <br>INSER\u00c7\u00c3O de qualifica\u00e7\u00f5es de tipo de pa\u00edses terceiros da ICAO \u00e0 EASA\n                      <br>-MCC no A320 o B737..<\/h4>\n                  <\/div>\n                <\/div>\n              <\/div>\n            <\/div>\n          <\/div>\n        <\/div>\n      <\/div>\n      <div data-colibri-id=\"7-c3\" class=\"h-row-container gutters-row-lg-2 gutters-row-md-2 gutters-row-2 gutters-row-v-lg-2 gutters-row-v-md-2 gutters-row-v-2 style-342 style-local-7-c3 position-relative\">\n        <!---->\n        <div class=\"h-row justify-content-lg-center justify-content-md-center justify-content-center align-items-lg-stretch align-items-md-stretch align-items-stretch gutters-col-lg-2 gutters-col-md-2 gutters-col-2 gutters-col-v-lg-2 gutters-col-v-md-2 gutters-col-v-2\">\n          <!---->\n          <div class=\"h-column h-column-container d-flex h-col-lg-4 h-col-md-6 h-col-12 style-343-outer style-local-7-c4-outer\">\n            <div data-colibri-id=\"7-c4\" class=\"d-flex h-flex-basis h-column__inner h-px-lg-0 h-px-md-0 h-px-0 v-inner-lg-0 v-inner-md-0 v-inner-0 style-343 style-local-7-c4 position-relative\">\n              <!---->\n              <!---->\n              <div class=\"w-100 h-y-container h-column__content h-column__v-align flex-basis-100 align-self-lg-start align-self-md-start align-self-start\">\n                <!---->\n                <div data-colibri-id=\"7-c5\" class=\"d-block style-344 style-local-7-c5 position-relative h-element\">\n                  <!---->\n                  <div class=\"h-image__frame-container-outer\">\n                    <div class=\"h-image__frame-container\">\n                      <!---->\n                      <!---->\n                      <img loading=\"lazy\" decoding=\"async\" width=\"1280\" height=\"285\" src=\"http:\/\/www.flightcrew.es\/wp-content\/uploads\/1280px-Logo_Airbus_2014.svg_.png\" class=\"wp-image-914 style-344-image style-local-7-c5-image\" alt=\"\" srcset=\"https:\/\/www.flightcrew.es\/wp-content\/uploads\/1280px-Logo_Airbus_2014.svg_.png 1280w, https:\/\/www.flightcrew.es\/wp-content\/uploads\/1280px-Logo_Airbus_2014.svg_-300x67.png 300w, https:\/\/www.flightcrew.es\/wp-content\/uploads\/1280px-Logo_Airbus_2014.svg_-1024x228.png 1024w, https:\/\/www.flightcrew.es\/wp-content\/uploads\/1280px-Logo_Airbus_2014.svg_-768x171.png 768w\" sizes=\"auto, (max-width: 1280px) 100vw, 1280px\" \/>\n                      <div class=\"h-image__frame h-hide-lg h-hide-md h-hide-sm style-344-frameImage style-local-7-c5-frameImage\"><\/div>\n                    <\/div>\n                  <\/div>\n                <\/div>\n                <div data-colibri-id=\"7-c6\" class=\"h-global-transition-all h-heading style-345 style-local-7-c6 position-relative h-element\">\n                  <!---->\n                  <div class=\"h-heading__outer style-345 style-local-7-c6\">\n                    <!---->\n                    <!---->\n                    <h4 class=\"\">AIRBUS Type Rating\n                      <br>Renova\u00e7\u00e3o, Revalida\u00e7\u00e3o, CCQ (Short Cross Courses), ZFTT, Cursos SFI\/TRI\u2026<\/h4>\n                  <\/div>\n                <\/div>\n                <div data-colibri-id=\"7-c7\" class=\"h-lead h-text h-text-component style-346 style-local-7-c7 position-relative h-element\">\n                  <!---->\n                  <!---->\n                  <div class=\"\">\n                    <p><strong style=\"color: rgb(70, 112, 127); font-family: &quot;Open Sans&quot;; font-size: 16px;\">Type rating :<\/strong><span style=\"color: rgb(70, 112, 127); font-family: &quot;Open Sans&quot;; font-size: 16px;\"><br>A310 A320 A330\/350 A340<br><br><\/span>\n                      <strong\n                        style=\"color: rgb(70, 112, 127); font-family: &quot;Open Sans&quot;; font-size: 16px;\">CCQ: <\/strong><span style=\"color: rgb(70, 112, 127); font-family: &quot;Open Sans&quot;; font-size: 16px;\"><br>De A320 a A330\/A350<\/span>\n                        <br><span style=\"font-weight: 300; font-size: 16px; font-family: &quot;Open Sans&quot;; color: rgb(70, 112, 127);\">De A320 a A340<\/span>\n                        <br><span style=\"font-size: 16px; font-family: &quot;Open Sans&quot;; color: rgb(70, 112, 127);\">De A330\/A350 a A320<br>De A330\/A350 a A340<br>De A340 a A320<br>De A340 a A330\/A350<br><br><\/span><strong style=\"font-size: 16px; font-family: &quot;Open Sans&quot;; color: rgb(70, 112, 127);\">CTR:<\/strong>\n                        <span\n                          style=\"font-size: 16px; font-family: &quot;Open Sans&quot;; color: rgb(70, 112, 127);\">\n                          <br>De A330 a A350\n                          <br>\n                          <br>\n                          <\/span><strong style=\"font-size: 16px; font-family: &quot;Open Sans&quot;; color: rgb(70, 112, 127);\">SFI\/TRI: Airbus em todos os modelos<\/strong>\n                          <br>\n                          <br>\n                    <\/p>\n                  <\/div>\n                <\/div>\n              <\/div>\n            <\/div>\n          <\/div>\n          <div class=\"h-column h-column-container d-flex h-col-lg-4 h-col-md-6 h-col-12 style-343-outer style-local-7-c8-outer\">\n            <div data-colibri-id=\"7-c8\" class=\"d-flex h-flex-basis h-column__inner h-px-lg-0 h-px-md-0 h-px-0 v-inner-lg-0 v-inner-md-0 v-inner-0 style-343 style-local-7-c8 position-relative\">\n              <!---->\n              <!---->\n              <div class=\"w-100 h-y-container h-column__content h-column__v-align flex-basis-100 align-self-lg-start align-self-md-start align-self-start\">\n                <!---->\n                <div data-colibri-id=\"7-c9\" class=\"d-block style-344 style-local-7-c9 position-relative h-element\">\n                  <!---->\n                  <div class=\"h-image__frame-container-outer\">\n                    <div class=\"h-image__frame-container\">\n                      <!---->\n                      <!---->\n                      <img loading=\"lazy\" decoding=\"async\" width=\"2179\" height=\"592\" src=\"http:\/\/www.flightcrew.es\/wp-content\/uploads\/cropped-boeing_logo.png\" class=\"wp-image-916 style-344-image style-local-7-c9-image\" alt=\"\" srcset=\"https:\/\/www.flightcrew.es\/wp-content\/uploads\/cropped-boeing_logo.png 2179w, https:\/\/www.flightcrew.es\/wp-content\/uploads\/cropped-boeing_logo-300x82.png 300w, https:\/\/www.flightcrew.es\/wp-content\/uploads\/cropped-boeing_logo-1024x278.png 1024w, https:\/\/www.flightcrew.es\/wp-content\/uploads\/cropped-boeing_logo-768x209.png 768w, https:\/\/www.flightcrew.es\/wp-content\/uploads\/cropped-boeing_logo-1536x417.png 1536w, https:\/\/www.flightcrew.es\/wp-content\/uploads\/cropped-boeing_logo-2048x556.png 2048w\" sizes=\"auto, (max-width: 2179px) 100vw, 2179px\" \/>\n                      <div class=\"h-image__frame h-hide-lg h-hide-md h-hide-sm style-344-frameImage style-local-7-c9-frameImage\"><\/div>\n                    <\/div>\n                  <\/div>\n                <\/div>\n                <div data-colibri-id=\"7-c10\" class=\"h-global-transition-all h-heading style-345 style-local-7-c10 position-relative h-element\">\n                  <!---->\n                  <div class=\"h-heading__outer style-345 style-local-7-c10\">\n                    <!---->\n                    <!---->\n                    <h4 class=\"\">BOEING Type Rating , renova\u00e7\u00e3o, revalida\u00e7\u00e3o, ZFTT, Cursos  SFI\/TRI<\/h4>\n                  <\/div>\n                <\/div>\n                <div data-colibri-id=\"7-c11\" class=\"h-lead h-text h-text-component style-346 style-local-7-c11 position-relative h-element\">\n                  <!---->\n                  <!---->\n                  <div class=\"\">\n                    <p><strong style=\"font-size: 16px; font-family: &quot;Open Sans&quot;; color: rgb(70, 112, 127);\">Type rating:&nbsp;<\/strong><span style=\"font-size: 16px; font-family: &quot;Open Sans&quot;; color: rgb(70, 112, 127);\"><br>B737 300-900&nbsp;B757\/B767<\/span>\n                      <br>\n                      <br><strong style=\"font-family: &quot;Open Sans&quot;; font-size: 16px; color: rgb(70, 112, 127);\">SFI\/TRI: Boeing em todos os modelos<\/strong>\n                      <br>\n                    <\/p>\n                  <\/div>\n                <\/div>\n              <\/div>\n            <\/div>\n          <\/div>\n        <\/div>\n      <\/div>\n    <\/div>\n  <\/div>\n  <div data-colibri-component=\"section\" data-colibri-id=\"7-c15\" id=\"features-2\" class=\"h-section h-section-global-spacing d-flex align-items-lg-center align-items-md-center align-items-center style-353 style-local-7-c15 position-relative\">\n    <!---->\n    <!---->\n    <div class=\"h-section-grid-container h-section-boxed-container\">\n      <!---->\n      <div data-colibri-id=\"7-c16\" class=\"h-row-container gutters-row-lg-2 gutters-row-md-2 gutters-row-2 gutters-row-v-lg-2 gutters-row-v-md-2 gutters-row-v-2 style-354 style-local-7-c16 position-relative\">\n        <!---->\n        <div class=\"h-row justify-content-lg-center justify-content-md-center justify-content-center align-items-lg-stretch align-items-md-stretch align-items-stretch gutters-col-lg-2 gutters-col-md-2 gutters-col-2 gutters-col-v-lg-2 gutters-col-v-md-2 gutters-col-v-2\">\n          <!---->\n          <div class=\"h-column h-column-container d-flex h-col-lg-4 h-col-md-6 h-col-12 style-355-outer style-local-7-c17-outer\">\n            <div data-colibri-id=\"7-c17\" class=\"d-flex h-flex-basis h-column__inner h-px-lg-0 h-px-md-0 h-px-0 v-inner-lg-0 v-inner-md-0 v-inner-0 style-355 style-local-7-c17 position-relative\">\n              <!---->\n              <!---->\n              <div class=\"w-100 h-y-container h-column__content h-column__v-align flex-basis-100 align-self-lg-start align-self-md-start align-self-start\">\n                <!---->\n                <div data-colibri-id=\"7-c18\" class=\"d-block style-356 style-local-7-c18 position-relative h-element\">\n                  <!---->\n                  <div class=\"h-image__frame-container-outer\">\n                    <div class=\"h-image__frame-container\">\n                      <!---->\n                      <!---->\n                      <img loading=\"lazy\" decoding=\"async\" width=\"1915\" height=\"322\" src=\"http:\/\/www.flightcrew.es\/wp-content\/uploads\/Embraer_logo.png\" class=\"wp-image-925 style-356-image style-local-7-c18-image\" alt=\"\" srcset=\"https:\/\/www.flightcrew.es\/wp-content\/uploads\/Embraer_logo.png 1915w, https:\/\/www.flightcrew.es\/wp-content\/uploads\/Embraer_logo-300x50.png 300w, https:\/\/www.flightcrew.es\/wp-content\/uploads\/Embraer_logo-1024x172.png 1024w, https:\/\/www.flightcrew.es\/wp-content\/uploads\/Embraer_logo-768x129.png 768w, https:\/\/www.flightcrew.es\/wp-content\/uploads\/Embraer_logo-1536x258.png 1536w\" sizes=\"auto, (max-width: 1915px) 100vw, 1915px\" \/>\n                      <div class=\"h-image__frame h-hide-lg h-hide-md h-hide-sm style-356-frameImage style-local-7-c18-frameImage\"><\/div>\n                    <\/div>\n                  <\/div>\n                <\/div>\n                <div data-colibri-id=\"7-c19\" class=\"h-global-transition-all h-heading style-357 style-local-7-c19 position-relative h-element\">\n                  <!---->\n                  <div class=\"h-heading__outer style-357 style-local-7-c19\">\n                    <!---->\n                    <!---->\n                    <h4 class=\"\">EMBRAER Type Rating , renova\u00e7\u00e3o, revalida\u00e7\u00e3o, ZFTT, Cursos  SFI\/TRI<\/h4>\n                  <\/div>\n                <\/div>\n                <div data-colibri-id=\"7-c20\" class=\"h-text h-text-component style-358 style-local-7-c20 position-relative h-element\">\n                  <!---->\n                  <!---->\n                  <div class=\"\">\n                    <p><strong style=\"font-family: &quot;Open Sans&quot;; color: rgb(70, 112, 127); font-size: 16px;\">Type rating:&nbsp;<\/strong><span style=\"font-family: &quot;Open Sans&quot;; color: rgb(70, 112, 127); font-size: 16px; font-weight: 300;\">EMBRAER 145<\/span><\/p>\n                    <p><strong style=\"font-family: &quot;Open Sans&quot;; color: rgb(70, 112, 127); font-size: 16px;\">SFI\/TRI:&nbsp;EMBRAER 145<\/strong><\/p>\n                  <\/div>\n                <\/div>\n              <\/div>\n            <\/div>\n          <\/div>\n        <\/div>\n      <\/div>\n    <\/div>\n  <\/div>\n  <div data-colibri-component=\"section\" data-colibri-id=\"7-c21\" id=\"custom\" class=\"h-section h-section-global-spacing d-flex align-items-lg-center align-items-md-center align-items-center style-377 style-local-7-c21 position-relative\">\n    <!---->\n    <!---->\n    <div class=\"h-section-grid-container h-section-boxed-container\">\n      <!---->\n      <div data-colibri-id=\"7-c22\" class=\"h-row-container gutters-row-lg-2 gutters-row-md-2 gutters-row-0 gutters-row-v-lg-2 gutters-row-v-md-2 gutters-row-v-2 style-378 style-local-7-c22 position-relative\">\n        <!---->\n        <div class=\"h-row justify-content-lg-center justify-content-md-center justify-content-center align-items-lg-stretch align-items-md-stretch align-items-stretch gutters-col-lg-2 gutters-col-md-2 gutters-col-0 gutters-col-v-lg-2 gutters-col-v-md-2 gutters-col-v-2\">\n          <!---->\n          <div class=\"h-column h-column-container d-flex h-col-lg-auto h-col-md-auto h-col-auto style-379-outer style-local-7-c23-outer\">\n            <div data-colibri-id=\"7-c23\" class=\"d-flex h-flex-basis h-column__inner h-px-lg-2 h-px-md-2 h-px-2 v-inner-lg-2 v-inner-md-2 v-inner-2 style-379 style-local-7-c23 position-relative\">\n              <!---->\n              <!---->\n              <div class=\"w-100 h-y-container h-column__content h-column__v-align flex-basis-100 align-self-lg-start align-self-md-start align-self-start\">\n                <!---->\n                <div data-colibri-id=\"7-c24\" class=\"h-text h-text-component style-380 style-local-7-c24 position-relative h-element\">\n                  <!---->\n                  <!---->\n                  <div class=\"\">\n                    <p><strong style=\"color: rgb(70, 112, 127); font-family: &quot;Open Sans&quot;; font-size: 16px;\"><em>Nosso curso de qualifica\u00e7\u00e3o de tipo A320\/B737 inclui:<\/em><\/strong><\/p>\n                    <p>Material en soporte digital y en papel. Supervisi\u00f3n continua y tutor\u00edas realizadas por un instructor del avi\u00f3n tipo. Uso ilimitado de nuestra maqueta y los programas de ayuda de entrenamiento. 9 sesiones de FFS clase D, la ultima ser\u00e1\n                      la prueba de pericia. Entrenamiento en base. Gesti\u00f3n de toda la documentaci\u00f3n y pago de las tasas. Precio desde 19.000\u20ac&nbsp;en grupo de 2 pilotos m\u00ednimo.<\/p>\n                    <p>\n                      <br>\n                    <\/p>\n                    <p><strong style=\"font-size: 16px; font-family: &quot;Open Sans&quot;; color: rgb(70, 112, 127);\"><em>-ZFTT A320 13.000\u20ac em grupo de no m\u00ednimo 2 pilotos (Para outros modelos consultar pre\u00e7o).&nbsp;<\/em><\/strong><\/p>\n                    <p>\n                      <br>\n                    <\/p>\n                    <p><strong style=\"font-size: 16px; font-family: &quot;Open Sans&quot;; color: rgb(70, 112, 127);\"><em>-Cursos para obten\u00e7\u00e3o de aeronaves TRI\/SFI em todos os tipos de aeronaves, incluindo cursos de revalida\u00e7\u00e3o, renova\u00e7\u00e3o e atualiza\u00e7\u00e3o (ver Pre\u00e7o)<\/em><\/strong><\/p>\n                    <p>\n                      <br>\n                    <\/p>\n                    <p><strong style=\"font-size: 16px; font-family: &quot;Open Sans&quot;; color: rgb(70, 112, 127);\"><em>-MCC no A320 ou B737 com JOC\/JTC inclu\u00eddo. O curso \u00e9 realizado com um m\u00ednimo de 2 pilotos e \u00e9 composto por:<\/em><\/strong><\/p>\n                    <p>Fase te\u00f3rica.<\/p>\n                    <p>-Curso Te\u00f3rico sobre Sistemas B737 ou A320 e CRM. 40 horas, 8 dias letivos.<\/p>\n                    <p>fase pr\u00e1tica<\/p>\n                    <p>-20 horas em duas fases, a primeira em sess\u00f5es de CBT, FNPT e outra de seis horas em FFS com JOC. Pre\u00e7o 6000\u20ac<\/p>\n                    <p>&nbsp;<\/p>\n                  <\/div>\n                <\/div>\n              <\/div>\n            <\/div>\n          <\/div>\n        <\/div>\n      <\/div>\n      <div data-colibri-id=\"7-c25\" class=\"h-row-container gutters-row-lg-2 gutters-row-md-2 gutters-row-0 gutters-row-v-lg-2 gutters-row-v-md-2 gutters-row-v-2 style-381 style-local-7-c25 position-relative\">\n        <!---->\n        <div class=\"h-row justify-content-lg-center justify-content-md-center justify-content-center align-items-lg-stretch align-items-md-stretch align-items-stretch gutters-col-lg-2 gutters-col-md-2 gutters-col-0 gutters-col-v-lg-2 gutters-col-v-md-2 gutters-col-v-2\">\n          <!---->\n          <div class=\"h-column h-column-container d-flex h-col-lg-auto h-col-md-auto h-col-auto style-382-outer style-local-7-c26-outer\">\n            <div data-colibri-id=\"7-c26\" class=\"d-flex h-flex-basis h-column__inner h-px-lg-2 h-px-md-2 h-px-2 v-inner-lg-2 v-inner-md-2 v-inner-2 style-382 style-local-7-c26 position-relative\">\n              <!---->\n              <!---->\n              <div class=\"w-100 h-y-container h-column__content h-column__v-align flex-basis-100 align-self-lg-start align-self-md-start align-self-start\">\n                <!---->\n                <div data-colibri-id=\"7-c27\" class=\"d-block style-383 style-local-7-c27 position-relative h-element\">\n                  <!---->\n                  <div class=\"h-image__frame-container-outer\">\n                    <div class=\"h-image__frame-container\">\n                      <!---->\n                      <!---->\n                      <img loading=\"lazy\" decoding=\"async\" width=\"1440\" height=\"1440\" src=\"http:\/\/www.flightcrew.es\/wp-content\/uploads\/FB5B5CA6-D3FE-4BF2-985A-482B05E01CEA.jpg\" class=\"wp-image-991 style-383-image style-local-7-c27-image\" alt=\"\" srcset=\"https:\/\/www.flightcrew.es\/wp-content\/uploads\/FB5B5CA6-D3FE-4BF2-985A-482B05E01CEA.jpg 1440w, https:\/\/www.flightcrew.es\/wp-content\/uploads\/FB5B5CA6-D3FE-4BF2-985A-482B05E01CEA-300x300.jpg 300w, https:\/\/www.flightcrew.es\/wp-content\/uploads\/FB5B5CA6-D3FE-4BF2-985A-482B05E01CEA-1024x1024.jpg 1024w, https:\/\/www.flightcrew.es\/wp-content\/uploads\/FB5B5CA6-D3FE-4BF2-985A-482B05E01CEA-150x150.jpg 150w, https:\/\/www.flightcrew.es\/wp-content\/uploads\/FB5B5CA6-D3FE-4BF2-985A-482B05E01CEA-768x768.jpg 768w\" sizes=\"auto, (max-width: 1440px) 100vw, 1440px\" \/>\n                      <div class=\"h-image__frame h-hide-lg h-hide-md h-hide-sm style-383-frameImage style-local-7-c27-frameImage\"><\/div>\n                    <\/div>\n                  <\/div>\n                <\/div>\n              <\/div>\n            <\/div>\n          <\/div>\n        <\/div>\n      <\/div>\n    <\/div>\n  <\/div>\n<\/div>","protected":false},"excerpt":{"rendered":"<p>-Realizamos Habilitaciones de tipo , Renovaciones , Revalidaciones . -CCQs AIRBUS, CTR A330-A350 , -PBN , ZFTT -INSERCION de Habilitaciones de Tipo de terceros pa\u00edses OACI a EASA. -MCC en A320 o B737.. AIRBUS Type Rating Renovaci\u00f3n, Revalidaci\u00f3n,CCQ (Cursos cruzados cortos), ZFTT,Cursos SFI\/TRI&#8230; Type rating :A310 A320 A330\/350 A340 CCQ: De A320 a A330\/A350 De [&hellip;]<\/p>\n","protected":false},"author":1,"featured_media":0,"parent":0,"menu_order":0,"comment_status":"closed","ping_status":"open","template":"page-templates\/full-width-page.php","meta":{"footnotes":""},"class_list":["post-7","page","type-page","status-publish","hentry"],"_links":{"self":[{"href":"https:\/\/www.flightcrew.es\/pt\/wp-json\/wp\/v2\/pages\/7","targetHints":{"allow":["GET"]}}],"collection":[{"href":"https:\/\/www.flightcrew.es\/pt\/wp-json\/wp\/v2\/pages"}],"about":[{"href":"https:\/\/www.flightcrew.es\/pt\/wp-json\/wp\/v2\/types\/page"}],"author":[{"embeddable":true,"href":"https:\/\/www.flightcrew.es\/pt\/wp-json\/wp\/v2\/users\/1"}],"replies":[{"embeddable":true,"href":"https:\/\/www.flightcrew.es\/pt\/wp-json\/wp\/v2\/comments?post=7"}],"version-history":[{"count":5,"href":"https:\/\/www.flightcrew.es\/pt\/wp-json\/wp\/v2\/pages\/7\/revisions"}],"predecessor-version":[{"id":1873,"href":"https:\/\/www.flightcrew.es\/pt\/wp-json\/wp\/v2\/pages\/7\/revisions\/1873"}],"wp:attachment":[{"href":"https:\/\/www.flightcrew.es\/pt\/wp-json\/wp\/v2\/media?parent=7"}],"curies":[{"name":"wp","href":"https:\/\/api.w.org\/{rel}","templated":true}]}}